{"id":28,"date":"2009-11-14T01:35:59","date_gmt":"2009-11-14T00:35:59","guid":{"rendered":"http:\/\/www.juergenhoffmann.net\/?page_id=28"},"modified":"2021-10-18T16:26:08","modified_gmt":"2021-10-18T15:26:08","slug":"equipment","status":"publish","type":"page","link":"https:\/\/www.juergenhoffmann.net\/?page_id=28","title":{"rendered":"Equipment"},"content":{"rendered":"<p>Wie jeder Gitarrist benutze ich Gitarren. Meistens auch Verst\u00e4rker. Das ist nichts wirklich Aufregendes.<\/p>\n<p>Aber nachdem ich festgestellt habe, da\u00df die Seite &#8220;Equipment&#8221; die mit den meisten Hits ist , will ich doch etwas ins Detail gehen. H\u00e4tte ich vorher mal \u00fcberlegt, was so ein Verst\u00e4rkerfamilienfoto f\u00fcr Geschlepp nach sich zieht, h\u00e4tte ich mich wohl bedeckt gehalten.<\/p>\n<p><strong>Verst\u00e4rker<\/strong> kommen und gehen. Diese\u00a0hier\u00a0sind im Laufe der Zeit h\u00e4ngengeblieben:<\/p>\n<p><a href=\"https:\/\/www.juergenhoffmann.net\/wp-content\/all_amps.jpg\"><img loading=\"lazy\" decoding=\"async\" class=\"size-large wp-image-307 alignnone\" title=\"all_amps\" src=\"https:\/\/www.juergenhoffmann.net\/wp-content\/all_amps-1024x393.jpg\" alt=\"all_amps\" width=\"580\" height=\"215\" \/><\/a>Von links nach rechts:<\/p>\n<p><a href=\"https:\/\/www.bogneramplification.com\/customshop\/MetropolisInfo.php\">Bogner Metropolis<\/a> 1&#215;12 Reverb &#8211; klingt in allen Situationen konstant gut.<br \/>\nAER Acousticube IIa &#8211; der Standard f\u00fcr akustische Instrumente.<br \/>\n<a href=\"https:\/\/www.fuchsaudiotechnology.com\/products-overdrive-supreme.php\">Fuchs ODS <\/a>50 Special mir 2x12er Box &#8211; divenhaft, ein Amp f\u00fcr bestimmte Stunden &#8211; mittlerweile verkauft<br \/>\n<a href=\"https:\/\/www.ampwares.com\/amp.asp?id=183\">Fender Twin Amp 6G8A<\/a>, Bj 1962 &#8211; der wei\u00dfe Wal &#8211; mein Baujahr und Monat.<br \/>\nngg_shortcode_0_placeholder<br \/>\n<a href=\"https:\/\/www.ampwares.com\/amp.asp?id=49\">Fender Concert 6G12A<\/a>, Bj 1962 &#8211; fantastisch mit Tele.<br \/>\n<a href=\"https:\/\/www.ampwares.com\/amp.asp?id=98\">Fender Super Reverb<\/a>, Bj 1979 &#8211; f\u00fcr die Classic-Rock-Ecke &#8211; Hammeramp!<br \/>\n<a href=\"https:\/\/www.ampwares.com\/amp.asp?id=114\">Fender Twin Reverb<\/a>, Bj 1976 &#8211; ein Twin ist ein Twin ist ein Twin&#8230; dieser mag Jazz besonders.<br \/>\n<a href=\"https:\/\/www.ampwares.com\/amp.asp?id=43\">Fender Vibro Champ<\/a>, Bj 1972 &#8211; f\u00fcr die Handtasche. Vorsicht bissig! &#8211; mittlerweile verkauft<br \/>\nFender Twin Amp, Bj 1989 &#8211; fantastischer Amp mit miserablem Ruf, mittlerweile ist\u00a0ein weiterer als Ersatz dazugekommen<br \/>\nOhne Abbildung:<br \/>\nFender Supersonic Twin<br \/>\nFender Machete 50 Top<\/p>\n<p>Nicht abgebildet auch das Besteck f\u00fcr die h\u00e4rtere Gangart: Mesa Boogie 50\/50 und Mesa\/Boogie 2x12er road ready Box.<\/p>\n<p>Von den <strong>Gitarren<\/strong> gibt es noch kein Familienfoto<\/p>\n<p><strong>Strats<\/strong> sind zwar widerspenstig, k\u00f6nnen einen aber auch mit sehr inspirierenden Kl\u00e4ngen fesseln:<\/p>\n<p>Fender Strat Bj\u00a0 91 &#8211; nichts Besonderes, aber immer noch meine erste Wahl.<br \/>\n<a href=\"https:\/\/www.tylerguitars.com\/\">Tyler<\/a> Studio Elite<br \/>\nMusicMan Silhouette<br \/>\nWarmoth Bastardcaster<\/p>\n<p><strong>Teles<\/strong>:<\/p>\n<p>Fender B-Bender Tele<br \/>\nCrook Telebastard<\/p>\n<p><strong>Jazzfraktion<\/strong>:<\/p>\n<p>Gibson Tal Farlow Custom<\/p>\n<p>ngg_shortcode_1_placeholder<br \/>\nGretsch Double Anniversary Bj. 1959<\/p>\n<p>ngg_shortcode_2_placeholder<br \/>\nIbanez George Benson Bj. 1980<br \/>\n<a title=\"Hofner Verithin CT\" href=\"https:\/\/www.hofner-guitars.com\/elektrogitarren\/verythin-gitarren\/hofner-verythin-ct.html\" target=\"_blank\" rel=\"noopener\">H\u00f6fner Verythin CT<\/a> &#8211; wirklich g\u00fcnstig und ein umwerfender Sound!<br \/>\n<a title=\"H\u00f6fner Club 50 Kurzreview\" href=\"https:\/\/www.juergenhoffmann.net\/?p=1643\">H\u00f6fner Club 50<\/a>\u00a0&#8211; nicht wirklich g\u00fcnstig und ein umwerfender Sound!<\/p>\n<p><strong>Sonstiges<\/strong>:<\/p>\n<p>PRS Custom 24<br \/>\nPRS Brent Mason<br \/>\nHoyer Eagle, Bj 79<br \/>\nHoyer 5068, Bj 75<br \/>\nngg_shortcode_3_placeholder<br \/>\nTakamine EN28 &#8211; habe ich in den 80ern gekauft und hatte nie das Bed\u00fcrfnis, mir eine andere akustische anzusehen. Ein echtes B\u00fchnentier.<br \/>\nTakamine EN48-C<\/p>\n<p><strong>Steels<\/strong><\/p>\n<p>Fender Dual Professional 2&#215;8, Baujahr 1954<\/p>\n<p>ngg_shortcode_4_placeholder<br \/>\nFramus Elektra 6-String Baujahr 1958 und 1959<\/p>\n<p><strong>Effekte <\/strong>sind es jede Menge, aktuell im Gebrauch:<\/p>\n<p>BSM Treble Booster<br \/>\nBaldringer Dual Drive<br \/>\nFulltone OCD<br \/>\nKeeley BluesDriver<br \/>\nOkko Diablo<br \/>\nOrigin Sliderig<br \/>\nLine6 DL-4<br \/>\nLine 6 M9<br \/>\nStrymon Flint<br \/>\nStrymon Timeline<br \/>\nEH Holy Grail<br \/>\nDigitech GSP 2101<br \/>\nDigitech RP1000<\/p>\n","protected":false},"excerpt":{"rendered":"<p>Wie jeder Gitarrist benutze ich Gitarren. Meistens auch Verst\u00e4rker. Das ist nichts wirklich Aufregendes. Aber nachdem ich festgestellt habe, da\u00df die Seite &#8220;Equipment&#8221; die mit den meisten Hits ist , will ich doch etwas ins Detail gehen. H\u00e4tte ich vorher mal \u00fcberlegt, was so ein Verst\u00e4rkerfamilienfoto f\u00fcr Geschlepp nach sich zieht, h\u00e4tte ich mich wohl [&hellip;]<\/p>\n","protected":false},"author":2,"featured_media":0,"parent":0,"menu_order":50,"comment_status":"open","ping_status":"closed","template":"","meta":{"ngg_post_thumbnail":0,"jetpack_post_was_ever_published":false,"footnotes":""},"class_list":["post-28","page","type-page","status-publish","hentry"],"jetpack_shortlink":"https:\/\/wp.me\/PIvuf-s","jetpack_sharing_enabled":true,"_links":{"self":[{"href":"https:\/\/www.juergenhoffmann.net\/index.php?rest_route=\/wp\/v2\/pages\/28","targetHints":{"allow":["GET"]}}],"collection":[{"href":"https:\/\/www.juergenhoffmann.net\/index.php?rest_route=\/wp\/v2\/pages"}],"about":[{"href":"https:\/\/www.juergenhoffmann.net\/index.php?rest_route=\/wp\/v2\/types\/page"}],"author":[{"embeddable":true,"href":"https:\/\/www.juergenhoffmann.net\/index.php?rest_route=\/wp\/v2\/users\/2"}],"replies":[{"embeddable":true,"href":"https:\/\/www.juergenhoffmann.net\/index.php?rest_route=%2Fwp%2Fv2%2Fcomments&post=28"}],"version-history":[{"count":1,"href":"https:\/\/www.juergenhoffmann.net\/index.php?rest_route=\/wp\/v2\/pages\/28\/revisions"}],"predecessor-version":[{"id":157864,"href":"https:\/\/www.juergenhoffmann.net\/index.php?rest_route=\/wp\/v2\/pages\/28\/revisions\/157864"}],"wp:attachment":[{"href":"https:\/\/www.juergenhoffmann.net\/index.php?rest_route=%2Fwp%2Fv2%2Fmedia&parent=28"}],"curies":[{"name":"wp","href":"https:\/\/api.w.org\/{rel}","templated":true}]}}