{"id":1004,"date":"2010-11-03T14:41:56","date_gmt":"2010-11-03T13:41:56","guid":{"rendered":"http:\/\/www.juergenhoffmann.net\/?page_id=1004"},"modified":"2011-06-03T13:49:28","modified_gmt":"2011-06-03T12:49:28","slug":"endorsements","status":"publish","type":"page","link":"https:\/\/www.juergenhoffmann.net\/?page_id=1004","title":{"rendered":"Endorsements"},"content":{"rendered":"<p>Ich freue mich sehr, zu den Endorsern von <span style=\"text-decoration: underline;\"><a title=\"Pyramid\" href=\"https:\/\/www.pyramid-saiten.de\/\" target=\"_blank\"><strong>Pyramid Saiten<\/strong> <\/a><\/span>zu geh\u00f6ren. Ich spiele auf den Elektrischen Pure Nickel seit Jahr und Tag aus \u00dcberzeugung: 9\/46 bzw. 10\/46 auf Langmensuren und 11\/48 auf allen Kurzmensuren und der 59er Gretsch. Auf der akustischen Steelstring verwende ich Phosphorbronze 11\/50.<a href=\"https:\/\/www.pyramid-saiten.de\/\"><img loading=\"lazy\" decoding=\"async\" class=\"alignleft size-full wp-image-1008\" title=\"Pyramid-Plain Nickel-1046\" src=\"https:\/\/www.juergenhoffmann.net\/wp-content\/Pyramid-Plain-Nickel-1046.jpg\" alt=\"\" width=\"150\" height=\"150\" \/><\/a><a href=\"https:\/\/www.juergenhoffmann.net\/wp-content\/Pyramid-PhosphorBronze-1150.jpg\"><img loading=\"lazy\" decoding=\"async\" class=\"alignleft size-full wp-image-1009\" title=\"Pyramid PhosphorBronze-1150\" src=\"https:\/\/www.juergenhoffmann.net\/wp-content\/Pyramid-PhosphorBronze-1150.jpg\" alt=\"\" width=\"150\" height=\"150\" \/><\/a>\u00a0Ausgesprochen hervorragend klingende Saiten, dazu\u00a0im wahrsten Sinne des Wortes preiswert und au\u00dferdem extrem haltbar!\u00a0In den letzten 5 Jahren\u00a0ist mir\u00a0auf der B\u00fchne keine Saite gerissen, und ich wechsle nur alle 3 bis 4 Gigs. <strong>Hervorragender Sound, g\u00fcnstig, robust und aus Franken<\/strong>\u00a0<strong>&#8211; was will man mehr?<\/strong> Ein Endorsement, und das habe ich jetzt \ud83d\ude42<\/p>\n<p>Auch ansonsten bin ich Max Junger von Pyramid zu Dank verpflichtet &#8211; mit einer Engelsgeduld\u00a0hat er mich beim Zusammenstellen der S\u00e4tze f\u00fcr meine 54er Fender Dual Professional Table Steel unterst\u00fctzt!<\/p>\n<p><strong>Eher \u00fcberrascht<\/strong> bin ich hingegen dar\u00fcber, da\u00df ich seit Mai 2011 offensichtlich ein Endorsement bei H\u00f6fner genie\u00dfe.\u00a0\u00a0Zumindest geht das aus einer Rechnung hervor, die ich k\u00fcrzlich erhalten habe &#8211; da gibt es einen nicht unerheblichen Endorsementrabatt auf eine blonde Verythin CT.<\/p>\n<p>Irgendwie hatte ich beim Endorsement immer die romantische Vorstellung von gro\u00dfer Geste, Handschlag, Blitzlichtern &#8211; oder doch\u00a0zumindest einer Absprache.\u00a0\u00a0In der Realit\u00e4t: Eine Rabattposition auf einer Rechnung. Sei es drum, der Mensch freut sich.<\/p>\n<p>\ufeff\ufeffH\u00f6fner<a href=\"https:\/\/www.hofner.com\"><img loading=\"lazy\" decoding=\"async\" class=\"alignleft size-full wp-image-1420\" title=\"Hofner-logo\" src=\"https:\/\/www.juergenhoffmann.net\/wp-content\/Hofner-logo.gif\" alt=\"\" width=\"196\" height=\"103\" \/><\/a> ist ja nun auch eine fr\u00e4nkische Firma, auch wenn das fragliche Instrument &#8211; wie soll ich sagen &#8211; Migrationshintergrund hat.<\/p>\n<p>Und das von mir auf der Countrymusikmesse N\u00fcrnberg\u00a0 nach dem Gig erworbene Exemplar ist nicht nur recht h\u00fcbsch, sondern klingt\u00a0vor allem\u00a0sensationell, wie ich finde. Deswegen habe ich sie mir ja angelacht. Mein spezielles Exemplar (f\u00fcr andere kann ich nat\u00fcrlich nicht sprechen)\u00a0hat ein Sustain, welches ich bei den meisten Solidbodies gerne h\u00e4tte &#8211; und einen festen, kerngesunden, eigenst\u00e4ndigen\u00a0Ton. An den Pickups werde ich wohl etwas \u00e4ndern, da h\u00e4tte ich es gerne ein wenig transparenter. Geschmackssache. \u00a0Aber hey &#8211; in der Substanz\u00a0gef\u00e4llt\u00a0sie mir besser als viele der\u00a0 mehr als vier mal so teueren Semiakustiks der gro\u00dfen Marken aus Obamas Heimat. Nein, ich meine nicht Kenia. Wie machen die das? Und dann noch zu dem Preis\ufeff\ufeff? Gr\u00fcbel&#8230; Egal.<\/p>\n<p>Und ich schreibe das sicher nicht wegen der paar Euro Rabatt. Das Leben ist zu kurz f\u00fcr lausiges Equipment.<\/p>\n","protected":false},"excerpt":{"rendered":"<p>Ich freue mich sehr, zu den Endorsern von Pyramid Saiten zu geh\u00f6ren. Ich spiele auf den Elektrischen Pure Nickel seit Jahr und Tag aus \u00dcberzeugung: 9\/46 bzw. 10\/46 auf Langmensuren und 11\/48 auf allen Kurzmensuren und der 59er Gretsch. Auf der akustischen Steelstring verwende ich Phosphorbronze 11\/50.\u00a0Ausgesprochen hervorragend klingende Saiten, dazu\u00a0im wahrsten Sinne des Wortes [&hellip;]<\/p>\n","protected":false},"author":2,"featured_media":0,"parent":28,"menu_order":99,"comment_status":"closed","ping_status":"closed","template":"","meta":{"ngg_post_thumbnail":0,"jetpack_post_was_ever_published":false,"footnotes":""},"class_list":["post-1004","page","type-page","status-publish","hentry"],"jetpack_shortlink":"https:\/\/wp.me\/PIvuf-gc","jetpack_sharing_enabled":true,"_links":{"self":[{"href":"https:\/\/www.juergenhoffmann.net\/index.php?rest_route=\/wp\/v2\/pages\/1004","targetHints":{"allow":["GET"]}}],"collection":[{"href":"https:\/\/www.juergenhoffmann.net\/index.php?rest_route=\/wp\/v2\/pages"}],"about":[{"href":"https:\/\/www.juergenhoffmann.net\/index.php?rest_route=\/wp\/v2\/types\/page"}],"author":[{"embeddable":true,"href":"https:\/\/www.juergenhoffmann.net\/index.php?rest_route=\/wp\/v2\/users\/2"}],"replies":[{"embeddable":true,"href":"https:\/\/www.juergenhoffmann.net\/index.php?rest_route=%2Fwp%2Fv2%2Fcomments&post=1004"}],"version-history":[{"count":0,"href":"https:\/\/www.juergenhoffmann.net\/index.php?rest_route=\/wp\/v2\/pages\/1004\/revisions"}],"up":[{"embeddable":true,"href":"https:\/\/www.juergenhoffmann.net\/index.php?rest_route=\/wp\/v2\/pages\/28"}],"wp:attachment":[{"href":"https:\/\/www.juergenhoffmann.net\/index.php?rest_route=%2Fwp%2Fv2%2Fmedia&parent=1004"}],"curies":[{"name":"wp","href":"https:\/\/api.w.org\/{rel}","templated":true}]}}